{"id":45,"date":"2013-03-09T20:39:31","date_gmt":"2013-03-09T20:39:31","guid":{"rendered":"http:\/\/seth.barribeau.com\/?page_id=45"},"modified":"2017-02-23T17:27:18","modified_gmt":"2017-02-23T16:27:18","slug":"papers","status":"publish","type":"page","link":"https:\/\/seth.barribeau.com\/home\/papers\/","title":{"rendered":"Papers"},"content":{"rendered":"<div class=\"page\" title=\"Page 1\"><\/div>\n<p style=\"margin-left: .5in; text-indent: -.5in;\" class=\"lead\">\n<p style=\"margin-left: .5in; text-indent: -.5in;\">Parker, BJ*,<strong> Barribeau, SM*,\u00a0<\/strong>Laughton, AM, Griffin, LH, Gerardo, NM (in press)\u00a0Life-history strategy determines constraints on immune function. <a href=\"http:\/\/seth.barribeau.com\/wp-content\/uploads\/2017\/02\/Parker-et-al.-2017-Life-history-strategy-determines-constraints-on-immune-function.pdf\" target=\"_blank\">Journal of Animal Ecology<\/a><br \/>\n*contributed equally<\/p>\n<p style=\"margin-left: .5in; text-indent: -.5in;\"><strong>Barribeau, SM<\/strong>, Schmid-Hempel, P (2017)\u00a0Sexual healing: mating induces a protective immune response in bumblebees.<a href=\"http:\/\/seth.barribeau.com\/wp-content\/uploads\/2016\/08\/Barribeau_et_al-2016-Journal_of_Evolutionary_Biology.pdf\"> Journal of Evolutionary Biology<\/a>\u00a030(1), 202-209<\/p>\n<p style=\"margin-left: .5in; text-indent: -.5in;\"><strong>Barribeau, SM<\/strong>, Schmid-Hempel, P, Sadd, BM (2016) Royal decree: gene expression in transgenerationally immune primed bumblebee workers mimics a primary immune response. <a href=\"http:\/\/journals.plos.org\/plosone\/article?id=10.1371%2Fjournal.pone.0159635\">PLoS ONE<\/a> 11(7): e0159635. doi:10.1371\/journal.pone.0159635\u00a0 (Preprint:\u00a0<a href=\"http:\/\/biorxiv.org\/content\/early\/2016\/03\/15\/043638\" target=\"_blank\">BioRxiv<\/a>\u00a0<span class=\"label\">doi:\u00a0<\/span>dx.doi.org\/10.1101\/043638)<\/p>\n<p style=\"margin-left: .5in; text-indent: -.5in;\">de Man, TJB, Stajich,\u00a0JE, Kubicek,\u00a0CP, Teiling, C, Chenthamara, K, \u00a0Atanasova, L, Druzhinina, IS, Levenkova, N, Birnbaum, SSL, <strong>Barribeau, SM,<\/strong>\u00a0Bozick, BA, \u00a0Suen, G, Currie, CR, Gerardo, NM (2016)\u00a0Small genome of the fungus Escovopsis weberi, a specialized disease agent of ant agriculture.\u00a0<a href=\"https:\/\/www.researchgate.net\/publication\/298330360_Small_genome_of_the_fungus_Escovopsis_weberi_a_specialized_disease_agent_of_ant_agriculture\" target=\"_blank\">Proceedings of the National Academy of Sciences, USA.<\/a>\u00a0doi: 10.1073\/pnas.1518501113<\/p>\n<p style=\"margin-left: .5in; text-indent: -.5in;\">Marxer, MA, <strong>Barribeau, SM,<\/strong> Schmid-Hempel, P (2016) Experimental Evolution of a Trypanosome Parasite of Bumblebees and its Implications for Infection Success and Host Immune Response. <a href=\"http:\/\/link.springer.com\/article\/10.1007%2Fs11692-015-9366-z\" target=\"_blank\">Evolutionary Biology.<\/a>\u00a010.1007\/s11692-015-9366-z<\/p>\n<p style=\"margin-left: .5in; text-indent: -.5in;\"><span style=\"text-indent: -0.5in;\">Kapheim, KM, Pan, H, Li, C, Salzberg, SL, Puiu, D, Magoc, T, Robertson, HM, Hudson, ME, Venkat, A, Fischman, BJ, Hernandez, A, Yandell, M, Ence, D, Holt, C, Yocum, GD, Kemp, WP, Bosch, J, Waterhouse, RM, Zdobnov, EM, Stolle, E, Kraus, FB, Helbing, S, Moritz, RFA, Glastad, KM, Hunt, BG, Goodisman, MAD, Hauser, F, Grimmelikhuijzen, CJP, Pinheiro, DG, Nunes, FMF, Soares, MPM, Tanaka, ED, Simoes, ZLP, Hartfelder, K, Evans, JD, <\/span><strong style=\"text-indent: -0.5in;\">Barribeau, SM<\/strong><span style=\"text-indent: -0.5in;\">, Johnson, RM, Massey, JH, Southey, BR, Hasselmann, M, Hamacher, D, Biewer, M, Kent, CF, Zayed, A, Blatti C III, B, Sinha, S, Johnston, JS, Hanrahan, SJ, Kocher, SD, Wang, J, Robinson, GE, Zhang, G, (2015)\u00a0Genomic signatures of evolutionary transitions from solitary to group living. <\/span><a style=\"text-indent: -0.5in;\" href=\"http:\/\/seth.barribeau.com\/wp-content\/uploads\/2015\/05\/Science-2015-Kapheim-science.aaa4788.pdf\" target=\"_blank\">Science\u00a0Published online 14 May 2015 <\/a><span style=\"text-indent: -0.5in;\">[DOI:10.1126\/science.aaa4788]<\/span><\/p>\n<p style=\"margin-left: .5in; text-indent: -.5in;\"><strong>Barribeau, SM<\/strong>, \u00a0Sadd, BM, \u00a0du Plessis, L, \u00a0Brown, MJF, \u00a0Buechel, SD, \u00a0Cappelle, K, \u00a0Carolan, JC, \u00a0Christiaens, O, \u00a0Colgan, TJ, \u00a0Erler, S, \u00a0Evans, J, \u00a0Helbing, S, \u00a0Karaus, E, \u00a0Lattorff, HMG, \u00a0Marxer, M, \u00a0Meeus, I, \u00a0Napflin, K, \u00a0Niu, J, \u00a0Schmid-Hempel, R, \u00a0Smagghe, G, \u00a0Waterhouse, RM, \u00a0Yu, N, \u00a0Zdobnov, EM, \u00a0Schmid-Hempel, P (2015)\u00a0A depauperate immune repertoire precedes evolution of sociality in bees. <a href=\"http:\/\/genomebiology.com\/2015\/16\/1\/83\" target=\"_blank\">Genome Biology<\/a>\u00a0<strong>16<\/strong>:83\u00a0 DOI<span class=\"pseudotab\">:10.1186\/s13059-015-0628-y<\/span><\/p>\n<p style=\"margin-left: .5in; text-indent: -.5in;\">Sadd, B,<strong> Barribeau, SM,<\/strong> Bloch, G, Graaf, D, Dearden, P, Elsik, C, Gadau, J, Grimmelikhuijzen, C, Hasselmann, M, Lozier, J, Robertson, H, Smagghe, G, Stolle, E, Vaerenbergh, M, Waterhouse, R, Bornberg-Bauer, E, Klasberg, S, Bennett, A, Camara, F, Guigo, R, Hoff, K, Mariotti, M, Munoz-Torres, M,\u00a0Murphy, T, Santesmasses, D, Amdam, G, Beckers, M, Beye, M, Biewer, M, Bitondi, M, Blaxter, M, Bourke, A, Brown, M, Buechel, S, Cameron, R, Cappelle, K, Carolan, J, Christiaens, O, Ciborowski, K, Clarke, D, Colgan, T, Collins, D, Cridge, A, Dalmay, T, Dreier, S, Plessis, L, Duncan, E, Erler, S, Evans, J, Falcon, T, Flores, K, Freitas, F, Fuchikawa, T, Gempe, T, Hartfelder, K, Hauser, F, Helbing, S, Humann, F, Irvine, F, Jermiin, L, Johnson, C, Johnson, R, Jones, A, Kadowaki, T, Kidner, J, Koch, V, Kohler, A, Kraus, F, Lattorff, H, Leask, M, Lockett, G, Mallon, E, Antonio, D, Marxer, M, Meeus, I, Moritz, R, Nair, A, Napflin, K, Nissen, I, Niu, J, Nunes, F, Oakeshott, J, Osborne, A, Otte, M, Pinheiro, D, Rossie, N, Rueppell, O, Santos, C, Schmid-Hempel, R,\u00a0Schmitt, B, Schulte, C, Simoes, Z, Soares, M, Swevers, L, Winnebeck, E, Wolschin, F, Yu, N, Zdobnov, E, Aqrawi, P, Blankenburg, K, Coyle, M, Francisco, L, Hernandez, A, Holder, M, Hudson, M, Jackson, L, Jayaseelan, J, Joshi, V, Kovar, C, Lee, S, Mata, R, Mathew, T, Newsham, I, Ngo, R, Okwuonu, G, Pham, C, Pu, L, Saada, N, Santibanez, J, Simmons, D, Thornton, R, Venkat, A, Walden, K, Wu, Y, Debyser, G, Devreese, B, Asher, C, Blommaert, J, Chipman, A, Chittka, L, Fouks, B, Liu, J, O\u2019Neill, M, Sumner, S, Puiu, D, Qu, J, Salzberg, S, Scherer, S, Muzny, D, Richards, S, Robinson, G, Gibbs, R, Schmid-Hempel, P,\u00a0Worley, K (2015). The genomes of two key bumblebee species with primitive eusocial organisation. <a href=\"http:\/\/genomebiology.com\/2015\/16\/1\/76\" target=\"_blank\">Genome Biology<\/a>\u00a0<strong>16<\/strong>:83\u00a0DOI:10.1186\/s13059-015-0623-3<\/p>\n<p style=\"margin-left: .5in; text-indent: -.5in;\">Wilkinson, GS, Breden, F, Mank, JE, Ritchie, MG, Higginson, AD, Radwan, J, Jaquiery, J, Salzburger, W, Arriero, E, <strong>Barribeau, SM<\/strong>, Phillips, PC, Renn, SCP, Rowe, L (2015) The locus of sexual selection: moving sexual selection studies into the post-genomics era. <a href=\"http:\/\/seth.barribeau.com\/wp-content\/uploads\/2015\/04\/9160D802-56A9-494C-A48D-40A9C8B58228.pdf\" target=\"_blank\">Journal of Evolutionary Biology<\/a>.\u00a0DOI:\u00a010.1111\/jeb.12621<\/p>\n<p style=\"margin-left: .5in; text-indent: -.5in;\">Brunner, FS<sup>\u00a7<\/sup>, Schmid-Hempel, P,\u00a0<strong>Barribeau SM<\/strong>\u00a0(2014) Protein-poor diet reduces host-specific immune gene expression in <em>Bombus terrestris<\/em>. <a href=\"http:\/\/seth.barribeau.com\/wp-content\/uploads\/2014\/05\/Brunner-2014-Proceedings-of-the-Royal-Society-B.pdf\" target=\"_blank\">Proceedings of the Royal Society London-B.<\/a> 281 doi:10.1098\/rspb.2014.0128\u00a0<sup>\u00a7<\/sup>student advisee<\/p>\n<p style=\"margin-left: .5in; text-indent: -.5in;\"><strong>Barribeau, SM<\/strong>, Sadd, BS, du Plessis L, Schmid-Hempel, P. (2014)\u00a0Gene expression differences underlying genotype-by- genotype specificity in a host\u2013parasite system. <a href=\"http:\/\/seth.barribeau.com\/wp-content\/uploads\/2014\/02\/Barribeau-Proceedings-of-the-National-Acadademy-of-Sciences-of-the-United-States-of-America.pdf\">Proceedings of the National Academy of Sciences, USA.<\/a> 111(9), 3496-501\u00a0doi: 10.1073\/pnas.1318628111<\/p>\n<p style=\"margin-left: .5in; text-indent: -.5in;\"><strong style=\"text-indent: -0.5in;\">Barribeau, SM<\/strong><span style=\"text-indent: -0.5in;\">, Parker, BJ*<\/span><sup style=\"line-height: 18px; text-indent: -0.5in;\">\u00a7<\/sup><span style=\"text-indent: -0.5in;\">, Gerardo, NM (2014)\u00a0Exposure to natural pathogens reveals costly aphid response to fungi but not bacteria.<\/span> <span style=\"text-indent: -0.5in;\"><a href=\"http:\/\/seth.barribeau.com\/wp-content\/uploads\/2014\/01\/Barribeau-Ecology-and-Evolution.pdf\" target=\"_blank\">Ecology &amp; Evolution, 4(4), 488-493<\/a>.<\/span> <span style=\"text-indent: -0.5in;\"> *contributed equally,<\/span><sup style=\"text-indent: -0.5in;\">\u00a7<\/sup><span style=\"text-indent: -0.5in;\">student advisee<\/span><\/p>\n<p style=\"margin-left: .5in; text-indent: -.5in;\">Leventhal,\u00a0GE,\u00a0D\u00fcnner, R<sup>\u00a7<\/sup>, <strong>Barribeau SM<\/strong> (2014)\u00a0Delayed virulence and limited costs promote fecundity compensation upon infection. <a href=\"http:\/\/seth.barribeau.com\/wp-content\/uploads\/2013\/10\/Leventhal-2014-httpdx.doi_.org10.1086675242.pdf\" target=\"_blank\">The American Naturalist. 183(4), 480-493. <\/a><sup>\u00a7<\/sup>student advisee<\/p>\n<p style=\"margin-left: .5in; text-indent: -.5in;\"><strong>Barribeau, SM<\/strong>\u00a0&amp; Schmid-Hempel P (2013)\u00a0Qualitatively different immune response of the bumblebee host,\u00a0<em>Bombus terrestris<\/em>, to infection by different clones of the trypanosome gut parasite,\u00a0<em>Crithidia bombi<\/em>.<span style=\"text-indent: -0.5in;\">\u00a0<a href=\"http:\/\/seth.barribeau.com\/wp-content\/uploads\/2013\/10\/Barribeau-2013-Infection-and-Immunity.pdf\" target=\"_blank\">Infection, Genetics and Evolution<\/a>,\u00a0 20, 249-256, doi:\u00a010.1016\/j.meegid.2013.09.014<\/span><\/p>\n<p style=\"margin-left: .5in; text-indent: -.5in;\"><span style=\"text-indent: -0.5in;\">Sadd, BM &amp;\u00a0<\/span><strong style=\"text-indent: -0.5in;\">Barribeau, SM<\/strong><span style=\"text-indent: -0.5in;\">\u00a0(2013) Heterogeneity in infection outcome: lessons from a bumblebee-trypanosome system. <\/span><span style=\"text-indent: -0.5in;\"><a href=\"http:\/\/seth.barribeau.com\/wp-content\/uploads\/2013\/11\/Sadd_Barribeau2013.pdf\" target=\"_blank\">Parasite Immunology<\/a>.\u00a0<\/span><br \/>\n* Invited review<\/p>\n<p style=\"margin-left: .5in; text-indent: -.5in;\">Brunner, FS<sup>\u00a7<\/sup>, Schmid-Hempel, P,\u00a0<strong>Barribeau, SM<\/strong>\u00a0(2013).\u00a0Immune gene expression in\u00a0<em>Bombus terrestris<\/em>: signatures of infection despite strong variation among populations, colonies, and sister workers.\u00a0<a href=\"http:\/\/dx.plos.org\/10.1371\/journal.pone.0068181\" target=\"_blank\">PLoS One<\/a>,\u00a0\u00a08(7): e68181. doi:10.1371\/journal.pone.0068181<br \/>\n<sup>\u00a7<\/sup>student advisee<\/p>\n<p style=\"margin-left: .5in; text-indent: -.5in;\"><strong>Barribeau, SM\u00a0<\/strong>&amp;\u00a0Gerardo, NM (2012) An evolutionarily and ecologically based strategy for genome sequencing efforts.\u00a0<a href=\"http:\/\/seth.barribeau.com\/wp-content\/uploads\/2013\/07\/hdy2011109a.pdf\" target=\"_blank\">Heredity<\/a>,\u00a0108, 577-580.<\/p>\n<p style=\"margin-left: .5in; text-indent: -.5in;\"><strong>Barribeau, SM,<\/strong>\u00a0Villinger, J, Waldman (2012) Ecological immunogenetics of life history traits in a model amphibian.\u00a0<a href=\"http:\/\/seth.barribeau.com\/wp-content\/uploads\/2013\/07\/rsbl20110845.pdf\" target=\"_blank\">Biology Letters<\/a>,\u00a08, 405\u2013407.<\/p>\n<p style=\"margin-left: .5in; text-indent: -.5in;\">Lyons, JI, Pierce, AA,<strong>\u00a0Barribeau, SM,\u00a0<\/strong>Sternberg, ED, Mongue, AJ, de Roode, JC (2012)\u00a0Lack of genetic differentiation between monarch butterflies with divergent migration destinations. <a href=\"http:\/\/seth.barribeau.com\/wp-content\/uploads\/2013\/10\/Lyons-2012-Molecular-Ecology.pdf\" target=\"_blank\">Molecular Ecology<\/a>, 21, 3433-3444.<\/p>\n<p style=\"margin-left: .5in; text-indent: -.5in;\">Parker, BJ*<sup>\u00a7<\/sup>,\u00a0<strong>Barribeau, SM*<\/strong>, Laughton, AM, De Roode, JC, Gerardo, NM (2011) Non-immunological defense in an evolutionary framework.\u00a0<a title=\"http:\/\/www.biology.emory.edu\/research\/deRoode\/PDFs\/Parker et al 2011 TREE.pdf\" href=\"http:\/\/www.biology.emory.edu\/research\/deRoode\/PDFs\/Parker%20et%20al%202011%20TREE.pdf\" target=\"_blank\">Trends in Ecology &amp; Evolution<\/a>, 26, 242-248.<br \/>\n*contributed equally,\u00a0<sup>\u00a7<\/sup>student advisee<\/p>\n<p style=\"margin-left: .5in; text-indent: -.5in;\"><strong>Barribeau, SM,<\/strong>\u00a0Sok, D*<sup>\u00a7<\/sup>, Gerardo, NM (2010) Aphid reproductive investment in response to mortality risks.\u00a0<a title=\"http:\/\/www.biomedcentral.com\/1471-2148\/10\/251\" href=\"http:\/\/www.biomedcentral.com\/1471-2148\/10\/251\">BMC Evolutionary Biology<\/a>, 10:251.<br \/>\n<sup>\u00a7<\/sup>student advisee<\/p>\n<p style=\"margin-left: .5in; text-indent: -.5in;\">Gerardo, NM*, Altincicek, B, Anselme, C, Atamian, H,\u00a0<strong>Barribeau, SM<\/strong>*, de Vos, M, Duncan, EJ, Evans, JD, Gabald\u00f3n, T, Ghanim, M*, Heddi, A, Kaloshian, I, Latorre, A, Moya, A, Nakabachi, A, Parker, BJ, P\u00e9rez-Brocal, V, Pignatelli, M, Rahb\u00e9, Y, Ramsey, JS, Spragg, CJ<sup>\u00a7<\/sup>, Tamames, J, Tamarit, D, Tamborindeguy, C, Vincent-Monegat, C, Vilcinskas, A (2010) Immunity and other defenses in pea aphids, <em>Acyrthosiphon pisum<\/em>.\u00a0<a title=\"http:\/\/genomebiology.com\/content\/pdf\/gb-2010-11-2-r21.pdf\" href=\"http:\/\/genomebiology.com\/content\/pdf\/gb-2010-11-2-r21.pdf\" target=\"_blank\">Genome Biology<\/a>\u00a011:R21\u00a0doi:10.1186\/gb-2010-11-2-r21<br \/>\n* group leaders,\u00a0<sup>\u00a7<\/sup>\u00a0student advisee<\/p>\n<p style=\"margin-left: .5in; text-indent: -.5in;\">The International Aphid Genome Consortium (2010) Genome sequence of the pea aphid\u00a0<em>Acyrthosiphon pisum<\/em>.\u00a0<a title=\"http:\/\/www.plosbiology.org\/article\/info:doi\/10.1371\/journal.pbio.1000313\" href=\"http:\/\/www.plosbiology.org\/article\/info:doi\/10.1371\/journal.pbio.1000313\">PLoS Biology<\/a>\u00a08(2): e1000313. doi:10.1371\/journal.pbio.1000313<\/p>\n<p style=\"margin-left: .5in; text-indent: -.5in;\"><strong>Barribeau, SM<\/strong>, Villinger, J, Waldman, B (2008) Major histocompatibility complex based resistance to a common bacterial pathogen of amphibians.\u00a0<a title=\"http:\/\/www.ncbi.nlm.nih.gov\/pmc\/articles\/PMC2443284\/pdf\/pone.0002692.pdf\" href=\"http:\/\/www.ncbi.nlm.nih.gov\/pmc\/articles\/PMC2443284\/pdf\/pone.0002692.pdf\">PLoS ONE<\/a>\u00a03(7): e2692, doi: 10.1371\/journal.pone.0002692<\/p>\n","protected":false},"excerpt":{"rendered":"<p>Parker, BJ*, Barribeau, SM*,\u00a0Laughton, AM, Griffin, LH, Gerardo, NM (in press)\u00a0Life-history strategy determines constraints on immune function. Journal of Animal Ecology *contributed equally Barribeau, SM, Schmid-Hempel, P (2017)\u00a0Sexual healing: mating induces a protective immune response in bumblebees. Journal of Evolutionary Biology\u00a030(1), 202-209 Barribeau, SM, Schmid-Hempel, P, Sadd, BM (2016) Royal decree: gene expression in transgenerationally&#8230;  <a href=\"https:\/\/seth.barribeau.com\/home\/papers\/\" class=\"more-link\" title=\"Read Papers\">Read more &raquo;<\/a><\/p>\n","protected":false},"author":1,"featured_media":0,"parent":0,"menu_order":0,"comment_status":"closed","ping_status":"closed","template":"","meta":{"jetpack_post_was_ever_published":false,"footnotes":""},"class_list":["post-45","page","type-page","status-publish","hentry"],"jetpack_shortlink":"https:\/\/wp.me\/P3f8S8-J","jetpack_sharing_enabled":true,"jetpack_likes_enabled":true,"_links":{"self":[{"href":"https:\/\/seth.barribeau.com\/home\/wp-json\/wp\/v2\/pages\/45","targetHints":{"allow":["GET"]}}],"collection":[{"href":"https:\/\/seth.barribeau.com\/home\/wp-json\/wp\/v2\/pages"}],"about":[{"href":"https:\/\/seth.barribeau.com\/home\/wp-json\/wp\/v2\/types\/page"}],"author":[{"embeddable":true,"href":"https:\/\/seth.barribeau.com\/home\/wp-json\/wp\/v2\/users\/1"}],"replies":[{"embeddable":true,"href":"https:\/\/seth.barribeau.com\/home\/wp-json\/wp\/v2\/comments?post=45"}],"version-history":[{"count":8,"href":"https:\/\/seth.barribeau.com\/home\/wp-json\/wp\/v2\/pages\/45\/revisions"}],"predecessor-version":[{"id":588,"href":"https:\/\/seth.barribeau.com\/home\/wp-json\/wp\/v2\/pages\/45\/revisions\/588"}],"wp:attachment":[{"href":"https:\/\/seth.barribeau.com\/home\/wp-json\/wp\/v2\/media?parent=45"}],"curies":[{"name":"wp","href":"https:\/\/api.w.org\/{rel}","templated":true}]}}